{"id":17722,"date":"2026-04-05T02:07:18","date_gmt":"2026-04-05T02:07:18","guid":{"rendered":"https:\/\/ayddiseno.com.co\/agenciadisenocolombia\/?page_id=17722"},"modified":"2026-04-05T23:59:20","modified_gmt":"2026-04-05T23:59:20","slug":"servicio-postventa-ayddiseno-agencia-diseno-colombia","status":"publish","type":"page","link":"https:\/\/ayddiseno.com.co\/agenciadisenocolombia\/servicio-postventa-ayddiseno-agencia-diseno-colombia\/","title":{"rendered":"Servicio Postventa"},"content":{"rendered":"\t\t<div data-elementor-type=\"wp-page\" data-elementor-id=\"17722\" class=\"elementor elementor-17722\">\n\t\t\t\t<div class=\"elementor-element elementor-element-1206d8d e-flex e-con-boxed e-con e-parent \" data-id=\"1206d8d\" data-element_type=\"container\" data-e-type=\"container\" data-settings=\"{&quot;background_background&quot;:&quot;classic&quot;}\">\t\t\t<div class=\"e-con-inner\">\r\n\t\t<div class=\"elementor-element elementor-element-6092549 e-con-full e-flex e-con e-child \" data-id=\"6092549\" data-element_type=\"container\" data-e-type=\"container\"><div class=\"elementor-element elementor-element-4826327 e-con-full e-flex e-con e-child \" data-id=\"4826327\" data-element_type=\"container\" data-e-type=\"container\">\t\t<div class=\"elementor-element elementor-element-3fc12c4 elementor-widget elementor-widget-pxl_text_editor\" data-id=\"3fc12c4\" data-element_type=\"widget\" data-e-type=\"widget\" data-widget_type=\"pxl_text_editor.default\">\n\t\t\t\t<div class=\"elementor-widget-container\">\n\t\t\t\t\t<div id=\"pxl_text_editor-3fc12c4-7628\" class=\"pxl-text-editor-wrapper text-primary link-default link-hover-default  split-text text-effect-fade-in fade-in-right visibility-hidden \"\t data-gsap=\"{&quot;stagger&quot;:0.025,&quot;duration&quot;:1,&quot;delay&quot;:0}\" >\n\t<p><img decoding=\"async\" class=\"pull-right\" src=\"https:\/\/ayddiseno.com.co\/agencia-bogota\/images\/politicas-postventa-garantias-ayd-diseno-sas-bogota-colombia-agencia-publicidad-2.jpg\" alt=\"Servicio Postventa y Garantias A&amp;D Dise\u00f1o SAS\" \/><\/p>\t\t\n<\/div>\t\t\t\t<\/div>\n\t\t\t\t<\/div>\n\t\t\t\t<\/div>\r\n\t\t<div class=\"elementor-element elementor-element-e0335f9 e-con-full e-flex e-con e-child \" data-id=\"e0335f9\" data-element_type=\"container\" data-e-type=\"container\">\t\t<div class=\"elementor-element elementor-element-e70a915 elementor-widget elementor-widget-pxl_text_editor\" data-id=\"e70a915\" data-element_type=\"widget\" data-e-type=\"widget\" data-widget_type=\"pxl_text_editor.default\">\n\t\t\t\t<div class=\"elementor-widget-container\">\n\t\t\t\t\t<div id=\"pxl_text_editor-e70a915-4620\" class=\"pxl-text-editor-wrapper  link-default link-hover-default   \"\t>\n\t<p>A&amp;D Dise\u00f1o S.A.S, es una compa\u00f1\u00eda con una s\u00f3lida trayectoria en publicidad y marketing, especializada en el diagn\u00f3stico de dise\u00f1o y estrategias de comunicaci\u00f3n para los servicios de Branding Corporativo, Marketing Digital, Dise\u00f1o y Publicidad. En nuestro enfoque, los clientes no solo encuentran un proveedor, sino un aliado que ofrece un trato laboral personalizado y minucioso, guiados por el \u00e9xito y la satisfacci\u00f3n de nuestros clientes.<\/p><p>\u00a0<\/p><ol><li><strong>Introducci\u00f3n al Servicio Postventa<\/strong><\/li><\/ol><p>En la Agencia A&amp;D Dise\u00f1o S.A.S, entendemos que la relaci\u00f3n con nuestros clientes no termina con la entrega de un proyecto. Creemos en ofrecer un servicio postventa integral que garantice la satisfacci\u00f3n continua de nuestros clientes y el \u00e9xito duradero de sus campa\u00f1as y productos. Nuestro objetivo es construir relaciones de largo plazo basadas en la confianza, el soporte t\u00e9cnico y la optimizaci\u00f3n continua.<\/p>\t\t\n<\/div>\t\t\t\t<\/div>\n\t\t\t\t<\/div>\n\t\t\t\t<\/div>\r\n\t\t\t\t<\/div>\r\n\t\t<div class=\"elementor-element elementor-element-c9feedf e-con-full e-flex e-con e-child \" data-id=\"c9feedf\" data-element_type=\"container\" data-e-type=\"container\" data-settings=\"{&quot;background_background&quot;:&quot;classic&quot;}\"><div class=\"e-con-background-parallax\" data-parallax=\"{&quot;x&quot;:0,&quot;y&quot;:300,&quot;rotate&quot;:0,&quot;scale&quot;:1,&quot;opacity&quot;:1}\"><\/div>\t\t<\/div>\r\n\t\t\t\t\t<\/div>\r\n\t\t\t\t<\/div>\r\n\t\t<div class=\"elementor-element elementor-element-4dbbbcd e-con-full e-flex e-con e-parent \" data-id=\"4dbbbcd\" data-element_type=\"container\" data-e-type=\"container\"><div class=\"elementor-element elementor-element-4e0270d e-flex e-con-boxed e-con e-child \" data-id=\"4e0270d\" data-element_type=\"container\" data-e-type=\"container\" data-settings=\"{&quot;background_background&quot;:&quot;classic&quot;}\">\t\t\t<div class=\"e-con-inner\">\r\n\t\t<div class=\"elementor-element elementor-element-72fc527 e-con-full e-flex e-con e-child \" data-id=\"72fc527\" data-element_type=\"container\" data-e-type=\"container\">\t\t<div class=\"elementor-element elementor-element-8ff5979 elementor-widget elementor-widget-pxl_image\" data-id=\"8ff5979\" data-element_type=\"widget\" data-e-type=\"widget\" data-widget_type=\"pxl_image.default\">\n\t\t\t\t<div class=\"elementor-widget-container\">\n\t\t\t\t\t<div class=\"pxl-image-wrapper \">\r\n    <span class=\"pxl-image-item \" >\r\n        <img loading=\"lazy\" decoding=\"async\" width=\"1000\" height=\"654\" src=\"https:\/\/ayddiseno.com.co\/agenciadisenocolombia\/wp-content\/uploads\/2025\/02\/image-37.webp\" class=\"pxl-image  attachment-full\" alt=\"Servicio Postventa\" loading=\"lazy\" srcset=\"https:\/\/ayddiseno.com.co\/agenciadisenocolombia\/wp-content\/uploads\/2025\/02\/image-37.webp 1000w, https:\/\/ayddiseno.com.co\/agenciadisenocolombia\/wp-content\/uploads\/2025\/02\/image-37-600x392.webp 600w\" sizes=\"auto, (max-width: 1000px) 100vw, 1000px\" \/>    <\/span>\r\n<\/div>\t\t\t\t<\/div>\n\t\t\t\t<\/div>\n\t\t\t\t<div class=\"elementor-element elementor-element-5dbc994 elementor-widget elementor-widget-pxl_image\" data-id=\"5dbc994\" data-element_type=\"widget\" data-e-type=\"widget\" data-widget_type=\"pxl_image.default\">\n\t\t\t\t<div class=\"elementor-widget-container\">\n\t\t\t\t\t<div class=\"pxl-image-wrapper \">\r\n    <span class=\"pxl-image-item \" >\r\n        <img loading=\"lazy\" decoding=\"async\" width=\"1000\" height=\"654\" src=\"https:\/\/ayddiseno.com.co\/agenciadisenocolombia\/wp-content\/uploads\/2025\/02\/image-36.webp\" class=\"pxl-image  attachment-full\" alt=\"Servicio Postventa\" loading=\"lazy\" srcset=\"https:\/\/ayddiseno.com.co\/agenciadisenocolombia\/wp-content\/uploads\/2025\/02\/image-36.webp 1000w, https:\/\/ayddiseno.com.co\/agenciadisenocolombia\/wp-content\/uploads\/2025\/02\/image-36-600x392.webp 600w\" sizes=\"auto, (max-width: 1000px) 100vw, 1000px\" \/>    <\/span>\r\n<\/div>\t\t\t\t<\/div>\n\t\t\t\t<\/div>\n\t\t\t\t<\/div>\r\n\t\t<div class=\"elementor-element elementor-element-0169b5a e-con-full e-flex e-con e-child \" data-id=\"0169b5a\" data-element_type=\"container\" data-e-type=\"container\">\t\t<div class=\"elementor-element elementor-element-0513d8e elementor-widget elementor-widget-pxl_text_editor\" data-id=\"0513d8e\" data-element_type=\"widget\" data-e-type=\"widget\" data-widget_type=\"pxl_text_editor.default\">\n\t\t\t\t<div class=\"elementor-widget-container\">\n\t\t\t\t\t<div id=\"pxl_text_editor-0513d8e-2839\" class=\"pxl-text-editor-wrapper text-primary link-default link-hover-default   \"\t>\n\t<ol start=\"2\"><li><strong>Alcance del Servicio Postventa<\/strong><\/li><\/ol><p><em>2.1\u00a0\u00a0 Soporte T\u00e9cnico y Mantenimiento:<\/em><\/p><p>Dise\u00f1o Gr\u00e1fico e Impresi\u00f3n: Revisi\u00f3n y ajustes menores en archivos entregados para reimpresiones en los mismos formatos.<\/p><p>\u00a0<\/p><p>Sitios Web: Actualizaci\u00f3n de 2 contenidos, correcci\u00f3n de errores, y mantenimiento de seguridad durante 6 meses despu\u00e9s de la entrega del proyecto. Opciones de extensi\u00f3n de soporte con un costo adicional.<\/p><p>\u00a0<\/p><p>\u00a0<\/p><p>Marketing Digital: Ajuste y optimizaci\u00f3n de campa\u00f1as publicitarias durante el primer mes posterior al lanzamiento, seguimiento y ajustes para maximizar el retorno de inversi\u00f3n.<\/p><p>\u00a0<\/p><p><em>2.2\u00a0 Consultor\u00eda y Asesor\u00eda Continua:<\/em><\/p><p>Reuniones de Seguimiento: Evaluaci\u00f3n trimestral de resultados para proyectos de marketing digital, con recomendaciones basadas en an\u00e1lisis de m\u00e9tricas clave.<\/p><p>Tendencias y Actualizaciones: Informe semestral sobre nuevas tendencias en dise\u00f1o, marketing digital, y tecnolog\u00eda que puedan beneficiar a nuestros clientes.<\/p><p>Capacitaci\u00f3n y Transferencia de Conocimiento:<\/p><p>Manual de Uso y Capacitaci\u00f3n: Provisi\u00f3n de manuales y capacitaciones para la gesti\u00f3n de contenido en sitios web, o el uso de materiales gr\u00e1ficos seg\u00fan las necesidades del cliente.<\/p><p>\u00a0<\/p><ol start=\"3\"><li><strong>Garant\u00edas y Pol\u00edticas de Revisi\u00f3n<\/strong><\/li><\/ol><p>Para garantizar que nuestros servicios cumplan con sus especificaciones y expectativas, durante el proceso de dise\u00f1o no se restringe la cantidad de cambios de dise\u00f1o, correcciones o revisiones hasta la aprobaci\u00f3n de las piezas por parte del cliente antes de su publicaci\u00f3n o producci\u00f3n.<\/p><p>Garant\u00eda de Calidad: Todos los proyectos cuentan con una garant\u00eda de satisfacci\u00f3n durante el primer mes, en la cual se realizar\u00e1n ajustes menores de dise\u00f1o sin costo adicional.<\/p>\t\t\n<\/div>\t\t\t\t<\/div>\n\t\t\t\t<\/div>\n\t\t\t\t<div class=\"elementor-element elementor-element-2f516e5 elementor-widget elementor-widget-pxl_text_editor\" data-id=\"2f516e5\" data-element_type=\"widget\" data-e-type=\"widget\" data-widget_type=\"pxl_text_editor.default\">\n\t\t\t\t<div class=\"elementor-widget-container\">\n\t\t\t\t\t<div id=\"pxl_text_editor-2f516e5-4538\" class=\"pxl-text-editor-wrapper text-primary link-default link-hover-default   \"\t>\n\t<ol start=\"4\"><li><strong>Procedimientos para el Servicio Postventa<\/strong><\/li><\/ol><p><strong>Canales de Contacto: Email de soporte: <span id=\"cloak6bba96e941838786b579b96fc96b515b\"><\/span><a href=\"mailto:info@ayddiseno.com\">info@ayddiseno.com<\/a><br \/>l\u00ednea telef\u00f3nica y WhatsApp: +57 300 561 3466<\/strong><\/p><p>Tiempo de respuesta garantizado dentro de las 24 horas h\u00e1biles.<\/p><p>\u00a0<\/p><p><strong>Proceso de Escalaci\u00f3n:<\/strong><\/p><p>\u00a0<\/p><p><strong>Nivel 1:\u00a0\u00a0<\/strong> Asistencia t\u00e9cnica inmediata.<\/p><p><strong>Nivel 2:\u00a0<\/strong> Consultor\u00eda estrat\u00e9gica con el equipo de soporte tecnol\u00f3gico, marketing o dise\u00f1o seg\u00fan corresponda.<\/p><p><strong>Nivel 3:<\/strong> Reuni\u00f3n con el director de la cuenta para solucionar problemas cr\u00edticos o insatisfacci\u00f3n del cliente.<\/p><p>\u00a0<\/p><ol start=\"5\"><li><strong>Condiciones y Exclusiones<\/strong><\/li><\/ol><p>El servicio postventa est\u00e1 limitado a los clientes con proyectos en curso o finalizados en los \u00faltimos 12 meses.<\/p><p>Los ajustes que requieran un redise\u00f1o completo o cambios mayores est\u00e1n sujetos a costos adicionales.<\/p><p>\u00a0<\/p><ol start=\"6\"><li><strong>Evaluaci\u00f3n y Retroalimentaci\u00f3n<\/strong><\/li><\/ol><p>Encuestas de satisfacci\u00f3n enviadas a los 30 y 90 d\u00edas despu\u00e9s de la entrega del proyecto.<\/p><p>Programaci\u00f3n de reuniones de retroalimentaci\u00f3n para mejorar nuestros servicios y adaptar nuestras soluciones a las necesidades cambiantes de los clientes.<\/p>\t\t\n<\/div>\t\t\t\t<\/div>\n\t\t\t\t<\/div>\n\t\t\t\t<\/div>\r\n\t\t<div class=\"elementor-element elementor-element-0193699 e-con-full e-flex e-con e-child \" data-id=\"0193699\" data-element_type=\"container\" data-e-type=\"container\" data-settings=\"{&quot;background_background&quot;:&quot;classic&quot;}\"><div class=\"e-con-overlay cursor-spotlight\"><\/div>\t\t<div class=\"elementor-element elementor-element-66c7423 elementor-view-default elementor-widget elementor-widget-icon\" data-id=\"66c7423\" data-element_type=\"widget\" data-e-type=\"widget\" data-widget_type=\"icon.default\">\n\t\t\t\t\t\t\t<div class=\"elementor-icon-wrapper\">\n\t\t\t<div class=\"elementor-icon\">\n\t\t\t<i aria-hidden=\"true\" class=\"flaticon flaticon-badge\"><\/i>\t\t\t<\/div>\n\t\t<\/div>\n\t\t\t\t\t\t<\/div>\n\t\t\t\t<div class=\"elementor-element elementor-element-c7046dc elementor-widget elementor-widget-pxl_text_editor\" data-id=\"c7046dc\" data-element_type=\"widget\" data-e-type=\"widget\" data-widget_type=\"pxl_text_editor.default\">\n\t\t\t\t<div class=\"elementor-widget-container\">\n\t\t\t\t\t<div id=\"pxl_text_editor-c7046dc-8063\" class=\"pxl-text-editor-wrapper  link-default link-hover-default   \"\t>\n\t<h5 style=\"color: #fff;\">El servicio postventa de la Agencia A&amp;D Dise\u00f1o S.A.S es una extensi\u00f3n natural de nuestro compromiso con la excelencia. A trav\u00e9s de un soporte t\u00e9cnico eficiente, consultor\u00eda continua, y una pol\u00edtica de revisiones flexible, aseguramos que los proyectos de nuestros clientes no solo cumplan, sino que superen sus expectativas a largo plazo.<\/h5>\t\t\n<\/div>\t\t\t\t<\/div>\n\t\t\t\t<\/div>\n\t\t\t\t<\/div>\r\n\t\t\t\t\t<\/div>\r\n\t\t\t\t<\/div>\r\n\t\t\t\t<\/div>\r\n\t\t\t\t<\/div>\n\t\t","protected":false},"excerpt":{"rendered":"<p>A&amp;D Dise\u00f1o S.A.S, es una compa\u00f1\u00eda con una s\u00f3lida trayectoria en publicidad y marketing, especializada en el diagn\u00f3stico de dise\u00f1o y estrategias de comunicaci\u00f3n para los servicios de Branding Corporativo, Marketing Digital, Dise\u00f1o y Publicidad. En nuestro enfoque, los clientes no solo encuentran un proveedor, sino un aliado que ofrece un trato laboral personalizado y [&hellip;]<\/p>\n","protected":false},"author":1,"featured_media":0,"parent":0,"menu_order":0,"comment_status":"closed","ping_status":"closed","template":"","meta":{"_joinchat":[],"footnotes":""},"class_list":["post-17722","page","type-page","status-publish","hentry"],"_links":{"self":[{"href":"https:\/\/ayddiseno.com.co\/agenciadisenocolombia\/wp-json\/wp\/v2\/pages\/17722","targetHints":{"allow":["GET"]}}],"collection":[{"href":"https:\/\/ayddiseno.com.co\/agenciadisenocolombia\/wp-json\/wp\/v2\/pages"}],"about":[{"href":"https:\/\/ayddiseno.com.co\/agenciadisenocolombia\/wp-json\/wp\/v2\/types\/page"}],"author":[{"embeddable":true,"href":"https:\/\/ayddiseno.com.co\/agenciadisenocolombia\/wp-json\/wp\/v2\/users\/1"}],"replies":[{"embeddable":true,"href":"https:\/\/ayddiseno.com.co\/agenciadisenocolombia\/wp-json\/wp\/v2\/comments?post=17722"}],"version-history":[{"count":13,"href":"https:\/\/ayddiseno.com.co\/agenciadisenocolombia\/wp-json\/wp\/v2\/pages\/17722\/revisions"}],"predecessor-version":[{"id":17746,"href":"https:\/\/ayddiseno.com.co\/agenciadisenocolombia\/wp-json\/wp\/v2\/pages\/17722\/revisions\/17746"}],"wp:attachment":[{"href":"https:\/\/ayddiseno.com.co\/agenciadisenocolombia\/wp-json\/wp\/v2\/media?parent=17722"}],"curies":[{"name":"wp","href":"https:\/\/api.w.org\/{rel}","templated":true}]}}