{"id":18234,"date":"2026-04-13T14:51:07","date_gmt":"2026-04-13T14:51:07","guid":{"rendered":"https:\/\/ayddiseno.com.co\/agenciadisenocolombia\/?page_id=18234"},"modified":"2026-04-13T14:55:38","modified_gmt":"2026-04-13T14:55:38","slug":"proyectos-ad-diseno-sas","status":"publish","type":"page","link":"https:\/\/ayddiseno.com.co\/agenciadisenocolombia\/proyectos-ad-diseno-sas\/","title":{"rendered":"Proyectos"},"content":{"rendered":"\t\t<div data-elementor-type=\"wp-page\" data-elementor-id=\"18234\" class=\"elementor elementor-18234\">\n\t\t\t\t<div class=\"elementor-element elementor-element-1206d8d e-flex e-con-boxed e-con e-parent \" data-id=\"1206d8d\" data-element_type=\"container\" data-e-type=\"container\" data-settings=\"{&quot;background_background&quot;:&quot;classic&quot;}\">\t\t\t<div class=\"e-con-inner\">\r\n\t\t<div class=\"elementor-element elementor-element-6092549 e-con-full e-flex e-con e-child \" data-id=\"6092549\" data-element_type=\"container\" data-e-type=\"container\"><div class=\"elementor-element elementor-element-4826327 e-con-full e-flex e-con e-child \" data-id=\"4826327\" data-element_type=\"container\" data-e-type=\"container\">\t\t<div class=\"elementor-element elementor-element-b750398 elementor-widget elementor-widget-html\" data-id=\"b750398\" data-element_type=\"widget\" data-e-type=\"widget\" data-widget_type=\"html.default\">\n\t\t\t\t\t<iframe allowfullscreen=\"allowfullscreen\" scrolling=\"no\" class=\"fp-iframe\" style=\"border: 1px solid lightgray; width: 100%; height: 400px;\" src=\"https:\/\/heyzine.com\/flip-book\/0e8f105f9e.html#page\/10\"><\/iframe>\t\t\t\t<\/div>\n\t\t\t\t<\/div>\r\n\t\t\t\t<\/div>\r\n\t\t\t\t\t<\/div>\r\n\t\t\t\t<\/div>\r\n\t\t<div class=\"elementor-element elementor-element-4dbbbcd e-con-full e-flex e-con e-parent \" data-id=\"4dbbbcd\" data-element_type=\"container\" data-e-type=\"container\"><div class=\"elementor-element elementor-element-4e0270d e-flex e-con-boxed e-con e-child \" data-id=\"4e0270d\" data-element_type=\"container\" data-e-type=\"container\" data-settings=\"{&quot;background_background&quot;:&quot;classic&quot;}\">\t\t\t<div class=\"e-con-inner\">\r\n\t\t<div class=\"elementor-element elementor-element-0193699 e-con-full e-flex e-con e-child \" data-id=\"0193699\" data-element_type=\"container\" data-e-type=\"container\" data-settings=\"{&quot;background_background&quot;:&quot;classic&quot;}\"><div class=\"e-con-overlay cursor-spotlight\"><\/div>\t\t<div class=\"elementor-element elementor-element-66c7423 elementor-view-default elementor-widget elementor-widget-icon\" data-id=\"66c7423\" data-element_type=\"widget\" data-e-type=\"widget\" data-widget_type=\"icon.default\">\n\t\t\t\t\t\t\t<div class=\"elementor-icon-wrapper\">\n\t\t\t<div class=\"elementor-icon\">\n\t\t\t<i aria-hidden=\"true\" class=\"flaticon flaticon-marketing\"><\/i>\t\t\t<\/div>\n\t\t<\/div>\n\t\t\t\t\t\t<\/div>\n\t\t\t\t<div class=\"elementor-element elementor-element-c7046dc elementor-widget elementor-widget-pxl_text_editor\" data-id=\"c7046dc\" data-element_type=\"widget\" data-e-type=\"widget\" data-widget_type=\"pxl_text_editor.default\">\n\t\t\t\t<div class=\"elementor-widget-container\">\n\t\t\t\t\t<div id=\"pxl_text_editor-c7046dc-6634\" class=\"pxl-text-editor-wrapper  link-default link-hover-default   \"\t>\n\t<p style=\"color: #fff;\">Necesita &#8230; Un sitio web empresarial | Branding Corporativo | Estrategias en redes sociales corporativas | Dise\u00f1o de Material comercial especializado | El Dise\u00f1o de su sitio web | El dise\u00f1o del logotipo para su empresa nueva | La evoluci\u00f3n gr\u00e1fica de su imagen corporativa | La creaci\u00f3n del manual de imagen corporativa | El desarrollo gr\u00e1fico de su marca | Publicidad | Dise\u00f1ar su estrategia digital | El dise\u00f1o gr\u00e1fico de piezas publicitarias | Dise\u00f1o de brochure y folletos | Publicidad en internet | Elementos de merchandising | Redacci\u00f3n de textos t\u00e9cnicos | Post especializados en redes sociales | Material corporativo | Actualizaci\u00f3n Web | Administraci\u00f3n de Blog corporativo | Fotograf\u00eda de producto | Publicidad B2B | Dise\u00f1o de logo | Consultor\u00edas | Dise\u00f1o | Brochure creativo | Estrategias de comunicaci\u00f3n | Creatividad | Campa\u00f1as exclusivas a directores comerciales y personal | Fotograf\u00eda publicitaria | Campa\u00f1as de comunicaci\u00f3n corporativa | Im\u00e1genes para redes | Lanzamiento de Productos y servicios | Publicidad B2C | Dise\u00f1o de sitios web | Marketing digital | Community Manager | Sitio web corporativo.<\/p>\t\t\n<\/div>\t\t\t\t<\/div>\n\t\t\t\t<\/div>\n\t\t\t\t<\/div>\r\n\t\t\t\t\t<\/div>\r\n\t\t\t\t<\/div>\r\n\t\t\t\t<\/div>\r\n\t\t\t\t<\/div>\n\t\t","protected":false},"excerpt":{"rendered":"<p>Necesita &#8230; Un sitio web empresarial | Branding Corporativo | Estrategias en redes sociales corporativas | Dise\u00f1o de Material comercial especializado | El Dise\u00f1o de su sitio web | El dise\u00f1o del logotipo para su empresa nueva | La evoluci\u00f3n gr\u00e1fica de su imagen corporativa | La creaci\u00f3n del manual de imagen corporativa | El [&hellip;]<\/p>\n","protected":false},"author":1,"featured_media":0,"parent":0,"menu_order":0,"comment_status":"closed","ping_status":"closed","template":"","meta":{"_joinchat":[],"footnotes":""},"class_list":["post-18234","page","type-page","status-publish","hentry"],"_links":{"self":[{"href":"https:\/\/ayddiseno.com.co\/agenciadisenocolombia\/wp-json\/wp\/v2\/pages\/18234","targetHints":{"allow":["GET"]}}],"collection":[{"href":"https:\/\/ayddiseno.com.co\/agenciadisenocolombia\/wp-json\/wp\/v2\/pages"}],"about":[{"href":"https:\/\/ayddiseno.com.co\/agenciadisenocolombia\/wp-json\/wp\/v2\/types\/page"}],"author":[{"embeddable":true,"href":"https:\/\/ayddiseno.com.co\/agenciadisenocolombia\/wp-json\/wp\/v2\/users\/1"}],"replies":[{"embeddable":true,"href":"https:\/\/ayddiseno.com.co\/agenciadisenocolombia\/wp-json\/wp\/v2\/comments?post=18234"}],"version-history":[{"count":14,"href":"https:\/\/ayddiseno.com.co\/agenciadisenocolombia\/wp-json\/wp\/v2\/pages\/18234\/revisions"}],"predecessor-version":[{"id":18248,"href":"https:\/\/ayddiseno.com.co\/agenciadisenocolombia\/wp-json\/wp\/v2\/pages\/18234\/revisions\/18248"}],"wp:attachment":[{"href":"https:\/\/ayddiseno.com.co\/agenciadisenocolombia\/wp-json\/wp\/v2\/media?parent=18234"}],"curies":[{"name":"wp","href":"https:\/\/api.w.org\/{rel}","templated":true}]}}